{"id":11584,"date":"2020-10-23T15:09:24","date_gmt":"2020-10-23T15:09:24","guid":{"rendered":"https:\/\/puurnordic.com\/?post_type=product&#038;p=11584"},"modified":"2025-11-08T16:21:13","modified_gmt":"2025-11-08T16:21:13","slug":"biologische-moringa-poeder","status":"publish","type":"product","link":"https:\/\/puurnordic.com\/en\/product\/gluten-free\/biologische-moringa-poeder\/","title":{"rendered":"Biologische Moringa Poeder"},"content":{"rendered":"<h2>Biologische Moringa Poeder<\/h2>\n<p>Biologische Moringa Poeder is een nieuw product van<a href=\"https:\/\/puurnordic.com\/merken\/foodin\/\" target=\"_blank\" rel=\"noopener noreferrer\"> Foodin<\/a>. Moringa oleifera is een plant die al duizenden jaren wordt geprezen om zijn gezondheidsvoordelen. De bladeren van de moringa zijn ongekend rijk aan <a href=\"https:\/\/puurnordic.com\/producten\/vitamine\/\" target=\"_blank\" rel=\"noopener noreferrer\">vitamines<\/a>, mineralen,<a href=\"https:\/\/puurnordic.com\/producten\/eiwitten\/\" target=\"_blank\" rel=\"noopener noreferrer\"> eiwitten<\/a>, essenti\u00eble aminozuren, chlorofyl, antioxidanten en bioflavino\u00efden. De bladeren van de moringa boom zijn van nature extreem rijk aan essenti\u00eble vitamines, mineralen, eiwitten, aminozuren, antioxidanten en voedingsvezels. Al deze natuurlijke voedingsstoffen samen maken moringa poeder tot een van de beste natuurlijke voedingssupplementen en superfood die er zijn.<\/p>\n<h3>Moringa Oleifeira is een echte Superfood!<\/h3>\n<p>Als je kijkt naar de voedingswaarde van Moringa Oleifeira zie je meteen dat het speciaal is. Het is in veel gevallen zoveel malen rijker aan essenti\u00eble vitaminen, antioxidanten en mineralen dan veel andere <a href=\"https:\/\/puurnordic.com\/producten\/superfoods\/\" target=\"_blank\" rel=\"noopener noreferrer\">superfoods<\/a>. Puur Nordic verkoopt een breed assortiment van hoge kwaliteit superfoods producten.<\/p>\n<h3>Aanbevolen enkele dosis Biologische Moringa:<\/h3>\n<p>Voeg een eetlepel van Biologische Moringa per dag toe aan <a href=\"https:\/\/puurnordic.com\/producten\/smoothies\/\" target=\"_blank\" rel=\"noopener noreferrer\">smoothies<\/a>, shakes, vruchtensappen of yoghurt. Je kunt het poeder ook gebruiken in warme gerechten, maar let hierbij wel op, voeg het op het laatste moment toe zodat de voedingsstoffen niet verloren zullen gaan.<\/p>\n<p><strong>Rauw, biologisch, wild, <a href=\"https:\/\/puurnordic.com\/producten\/glutenvrij\/\" target=\"_blank\" rel=\"noopener noreferrer\">glutenvrij<\/a>, zuivelvrij, veganistisch, GMO-vrij. Vrij van toevoegingen of conserveringsmiddelen.<\/strong><\/p>\n<h3>Voedingswaarde 100g:<\/h3>\n<p>Energie : 858 kJ \/ 205 kcal<\/p>\n<p>Vet : 2,3 g<\/p>\n<p>&#8211; Waarvan verzadigd: 0 g<\/p>\n<p>Koolhydraten: 19,2 g<\/p>\n<p>&#8211; Waarvan suikers: 0 g<\/p>\n<p>Eiwit: 27,1 g<\/p>\n<p>Zout: &lt;0,1 g<\/p>\n<p>Vitamine C: 51,7 mg, 65% *<\/p>\n<p>Vitamine A: 7564 ug, 24% *<\/p>\n<p>Vitamine B1: 0,257 mg, 23% *<\/p>\n<p>Vitamine B2: 0,66 mg, 47% *<\/p>\n<p>Vitamine B6: 1,2 mg, 86% *<\/p>\n<p>Magnesium: 147 mg, 39% *<\/p>\n<p>Calcium: 185 mg, 23% *<\/p>\n<p>* aanbevolen dagelijkse hoeveelheid<\/p>\n<h3>Inhoud:<\/h3>\n<p>200g<\/p>\n<h4 style=\"text-align: center;\"><span style=\"text-decoration: underline;\"><strong>Puur Nordic<\/strong><\/span><\/h4>\n<p style=\"text-align: center;\"><strong>Snelle verzending<\/strong><\/p>\n<p style=\"text-align: center;\"><strong>Hoogste Kwaliteit<\/strong><\/p>\n<p style=\"text-align: center;\"><strong>Webshop keurmerk<\/strong><\/p>\n<p style=\"text-align: center;\"><strong><a href=\"https:\/\/puurnordic.com\/producten\/chaga\/\" target=\"_blank\" rel=\"noopener noreferrer\">Chaga specialist<\/a><\/strong><\/p>\n<p style=\"text-align: center;\"><strong>Unieke producten uit Scandinavi\u00eb<\/strong><\/p>\n<p style=\"text-align: center;\"><strong>30 dagen geld terug garantie<\/strong><\/p>\n<p style=\"text-align: center;\"><strong>Gratis verzending bij besteding vanaf \u20ac50,-<\/strong><\/p>\n<p>&nbsp;<\/p>\n","protected":false},"excerpt":{"rendered":"<p>Biologische Moringa Poeder is een nieuw product van Foodin. Moringa oleifera is een plant die al duizenden jaren wordt geprezen om zijn gezondheidsvoordelen. De bladeren van de moringa zijn ongekend rijk aan vitamines, mineralen, eiwitten, essenti\u00eble aminozuren, chlorofyl, antioxidanten en bioflavino\u00efden. De bladeren van de moringa boom zijn van nature extreem rijk aan essenti\u00eble vitamines, mineralen, eiwitten, aminozuren, antioxidanten en voedingsvezels. Al deze natuurlijke voedingsstoffen samen maken moringa poeder tot een van de beste natuurlijke voedingssupplementen en superfood die er zijn.<\/p>\n<ul>\n<li><strong>Rijk aan vitamines, mineralen, eiwitten, essenti\u00eble aminozuren, chlorofyl, antioxidanten en bioflavino\u00efden<\/strong><\/li>\n<li><strong>Een van de beste natuurlijke voedingssupplementen en superfood die er zijn<\/strong><\/li>\n<li><strong>Rauw, biologisch, wild, glutenvrij, zuivelvrij, veganistisch &amp; GMO-vrij<\/strong><\/li>\n<li><strong>Vrij van toevoegingen of conserveringsmiddelen<\/strong><\/li>\n<\/ul>\n","protected":false},"featured_media":11585,"template":"","meta":{"_acf_changed":false},"product_brand":[1253],"product_cat":[472,487,454,493,496,505],"product_tag":[],"class_list":{"0":"post-11584","1":"product","2":"type-product","3":"status-publish","4":"has-post-thumbnail","6":"product_brand-feel-vivid","7":"product_cat-gluten-free","8":"product_cat-natural-herbs","9":"product_cat-organic","10":"product_cat-smoothies","11":"product_cat-superfoods","12":"product_cat-vegan","14":"first","15":"instock","16":"taxable","17":"shipping-taxable","18":"purchasable","19":"product-type-simple"},"acf":[],"yoast_head":"<!-- This site is optimized with the Yoast SEO Premium plugin v27.4 (Yoast SEO v27.4) - https:\/\/yoast.com\/product\/yoast-seo-premium-wordpress\/ -->\n<title>Biologische Moringa Poeder - Puur Nordic - Hoogste Kwaliteit<\/title>\n<meta name=\"description\" content=\"Biologische Moringa Poeder is ongekend rijk aan vitamines, mineralen, eiwitten, aminozuren, chlorofyl, antioxidanten &amp; bioflavino\u00efden\" \/>\n<meta name=\"robots\" content=\"index, follow, max-snippet:-1, max-image-preview:large, max-video-preview:-1\" \/>\n<link rel=\"canonical\" href=\"https:\/\/puurnordic.com\/en\/product\/gluten-free\/biologische-moringa-poeder\/\" \/>\n<meta property=\"og:locale\" content=\"en_US\" \/>\n<meta property=\"og:type\" content=\"article\" \/>\n<meta property=\"og:title\" content=\"Biologische Moringa Poeder\" \/>\n<meta property=\"og:description\" content=\"Biologische Moringa Poeder is ongekend rijk aan vitamines, mineralen, eiwitten, aminozuren, chlorofyl, antioxidanten &amp; bioflavino\u00efden\" \/>\n<meta property=\"og:url\" content=\"https:\/\/puurnordic.com\/en\/product\/gluten-free\/biologische-moringa-poeder\/\" \/>\n<meta property=\"og:site_name\" content=\"Puur Nordic\" \/>\n<meta property=\"article:publisher\" content=\"https:\/\/www.facebook.com\/puurnordicbenelux\/?locale=nl_NL\" \/>\n<meta property=\"article:modified_time\" content=\"2025-11-08T16:21:13+00:00\" \/>\n<meta property=\"og:image\" content=\"https:\/\/puurnordic.com\/wp-content\/uploads\/2023\/11\/Biologische-Moringa-Poeder-1.jpg\" \/>\n\t<meta property=\"og:image:width\" content=\"800\" \/>\n\t<meta property=\"og:image:height\" content=\"800\" \/>\n\t<meta property=\"og:image:type\" content=\"image\/jpeg\" \/>\n<meta name=\"twitter:card\" content=\"summary_large_image\" \/>\n<meta name=\"twitter:label1\" content=\"Price\" \/>\n\t<meta name=\"twitter:data1\" content=\"&euro;14,99\" \/>\n\t<meta name=\"twitter:label2\" content=\"Availability\" \/>\n\t<meta name=\"twitter:data2\" content=\"In stock\" \/>\n<script type=\"application\/ld+json\" class=\"yoast-schema-graph\">{\"@context\":\"https:\\\/\\\/schema.org\",\"@graph\":[{\"@type\":\"WebPage\",\"@id\":\"https:\\\/\\\/puurnordic.com\\\/en\\\/product\\\/gluten-free\\\/biologische-moringa-poeder\\\/\",\"url\":\"https:\\\/\\\/puurnordic.com\\\/en\\\/product\\\/gluten-free\\\/biologische-moringa-poeder\\\/\",\"name\":\"Biologische Moringa Poeder - Puur Nordic - Hoogste Kwaliteit\",\"isPartOf\":{\"@id\":\"https:\\\/\\\/puurnordic.com\\\/en\\\/#website\"},\"primaryImageOfPage\":{\"@id\":\"https:\\\/\\\/puurnordic.com\\\/en\\\/product\\\/gluten-free\\\/biologische-moringa-poeder\\\/#primaryimage\"},\"image\":{\"@id\":\"https:\\\/\\\/puurnordic.com\\\/en\\\/product\\\/gluten-free\\\/biologische-moringa-poeder\\\/#primaryimage\"},\"thumbnailUrl\":\"https:\\\/\\\/puurnordic.com\\\/wp-content\\\/uploads\\\/2023\\\/11\\\/Biologische-Moringa-Poeder-1.jpg\",\"datePublished\":\"2020-10-23T15:09:24+00:00\",\"dateModified\":\"2025-11-08T16:21:13+00:00\",\"description\":\"Biologische Moringa Poeder is ongekend rijk aan vitamines, mineralen, eiwitten, aminozuren, chlorofyl, antioxidanten & bioflavino\u00efden\",\"breadcrumb\":{\"@id\":\"https:\\\/\\\/puurnordic.com\\\/en\\\/product\\\/gluten-free\\\/biologische-moringa-poeder\\\/#breadcrumb\"},\"inLanguage\":\"en-US\",\"potentialAction\":[{\"@type\":\"ReadAction\",\"target\":[\"https:\\\/\\\/puurnordic.com\\\/en\\\/product\\\/gluten-free\\\/biologische-moringa-poeder\\\/\"]}]},{\"@type\":\"ImageObject\",\"inLanguage\":\"en-US\",\"@id\":\"https:\\\/\\\/puurnordic.com\\\/en\\\/product\\\/gluten-free\\\/biologische-moringa-poeder\\\/#primaryimage\",\"url\":\"https:\\\/\\\/puurnordic.com\\\/wp-content\\\/uploads\\\/2023\\\/11\\\/Biologische-Moringa-Poeder-1.jpg\",\"contentUrl\":\"https:\\\/\\\/puurnordic.com\\\/wp-content\\\/uploads\\\/2023\\\/11\\\/Biologische-Moringa-Poeder-1.jpg\",\"width\":800,\"height\":800},{\"@type\":\"BreadcrumbList\",\"@id\":\"https:\\\/\\\/puurnordic.com\\\/en\\\/product\\\/gluten-free\\\/biologische-moringa-poeder\\\/#breadcrumb\",\"itemListElement\":[{\"@type\":\"ListItem\",\"position\":1,\"name\":\"Home\",\"item\":\"https:\\\/\\\/puurnordic.com\\\/en\\\/\"},{\"@type\":\"ListItem\",\"position\":2,\"name\":\"Products\",\"item\":\"https:\\\/\\\/puurnordic.com\\\/en\\\/products\\\/\"},{\"@type\":\"ListItem\",\"position\":3,\"name\":\"Biologische Moringa Poeder\"}]},{\"@type\":\"WebSite\",\"@id\":\"https:\\\/\\\/puurnordic.com\\\/en\\\/#website\",\"url\":\"https:\\\/\\\/puurnordic.com\\\/en\\\/\",\"name\":\"Puur Nordic\",\"description\":\"\",\"publisher\":{\"@id\":\"https:\\\/\\\/puurnordic.com\\\/en\\\/#organization\"},\"potentialAction\":[{\"@type\":\"SearchAction\",\"target\":{\"@type\":\"EntryPoint\",\"urlTemplate\":\"https:\\\/\\\/puurnordic.com\\\/en\\\/?s={search_term_string}\"},\"query-input\":{\"@type\":\"PropertyValueSpecification\",\"valueRequired\":true,\"valueName\":\"search_term_string\"}}],\"inLanguage\":\"en-US\"},{\"@type\":\"Organization\",\"@id\":\"https:\\\/\\\/puurnordic.com\\\/en\\\/#organization\",\"name\":\"Puur Nordic\",\"url\":\"https:\\\/\\\/puurnordic.com\\\/en\\\/\",\"logo\":{\"@type\":\"ImageObject\",\"inLanguage\":\"en-US\",\"@id\":\"https:\\\/\\\/puurnordic.com\\\/en\\\/#\\\/schema\\\/logo\\\/image\\\/\",\"url\":\"https:\\\/\\\/puurnordic.com\\\/wp-content\\\/uploads\\\/2023\\\/11\\\/Puur-Nordic-Logo-NEW-.jpg\",\"contentUrl\":\"https:\\\/\\\/puurnordic.com\\\/wp-content\\\/uploads\\\/2023\\\/11\\\/Puur-Nordic-Logo-NEW-.jpg\",\"width\":2481,\"height\":2481,\"caption\":\"Puur Nordic\"},\"image\":{\"@id\":\"https:\\\/\\\/puurnordic.com\\\/en\\\/#\\\/schema\\\/logo\\\/image\\\/\"},\"sameAs\":[\"https:\\\/\\\/www.facebook.com\\\/puurnordicbenelux\\\/?locale=nl_NL\"],\"description\":\"Hoogste Kwaliteit Superfoods, Supplementen, Natuurlijke Cosmetica, Paddenstoelen, Lion's Mane, Chaga & Gezondheidsproducten\",\"email\":\"info@puurnordic.com\",\"legalName\":\"Puur Nordic\",\"vatID\":\"NL002478772B58\",\"taxID\":\"NL002478772B58\",\"numberOfEmployees\":{\"@type\":\"QuantitativeValue\",\"minValue\":\"1\",\"maxValue\":\"10\"}}]}<\/script>\n<meta property=\"product:price:amount\" content=\"14.99\" \/>\n<meta property=\"product:price:currency\" content=\"EUR\" \/>\n<meta property=\"og:availability\" content=\"instock\" \/>\n<meta property=\"product:availability\" content=\"instock\" \/>\n<meta property=\"product:retailer_item_id\" content=\"6430049982175\" \/>\n<meta property=\"product:condition\" content=\"new\" \/>\n<!-- \/ Yoast SEO Premium plugin. -->","yoast_head_json":{"title":"Biologische Moringa Poeder - Puur Nordic - Hoogste Kwaliteit","description":"Biologische Moringa Poeder is ongekend rijk aan vitamines, mineralen, eiwitten, aminozuren, chlorofyl, antioxidanten & bioflavino\u00efden","robots":{"index":"index","follow":"follow","max-snippet":"max-snippet:-1","max-image-preview":"max-image-preview:large","max-video-preview":"max-video-preview:-1"},"canonical":"https:\/\/puurnordic.com\/en\/product\/gluten-free\/biologische-moringa-poeder\/","og_locale":"en_US","og_type":"article","og_title":"Biologische Moringa Poeder","og_description":"Biologische Moringa Poeder is ongekend rijk aan vitamines, mineralen, eiwitten, aminozuren, chlorofyl, antioxidanten & bioflavino\u00efden","og_url":"https:\/\/puurnordic.com\/en\/product\/gluten-free\/biologische-moringa-poeder\/","og_site_name":"Puur Nordic","article_publisher":"https:\/\/www.facebook.com\/puurnordicbenelux\/?locale=nl_NL","article_modified_time":"2025-11-08T16:21:13+00:00","og_image":[{"width":800,"height":800,"url":"https:\/\/puurnordic.com\/wp-content\/uploads\/2023\/11\/Biologische-Moringa-Poeder-1.jpg","type":"image\/jpeg"}],"twitter_card":"summary_large_image","twitter_misc":{"Price":"&euro;14,99","Availability":"In stock"},"schema":{"@context":"https:\/\/schema.org","@graph":[{"@type":"WebPage","@id":"https:\/\/puurnordic.com\/en\/product\/gluten-free\/biologische-moringa-poeder\/","url":"https:\/\/puurnordic.com\/en\/product\/gluten-free\/biologische-moringa-poeder\/","name":"Biologische Moringa Poeder - Puur Nordic - Hoogste Kwaliteit","isPartOf":{"@id":"https:\/\/puurnordic.com\/en\/#website"},"primaryImageOfPage":{"@id":"https:\/\/puurnordic.com\/en\/product\/gluten-free\/biologische-moringa-poeder\/#primaryimage"},"image":{"@id":"https:\/\/puurnordic.com\/en\/product\/gluten-free\/biologische-moringa-poeder\/#primaryimage"},"thumbnailUrl":"https:\/\/puurnordic.com\/wp-content\/uploads\/2023\/11\/Biologische-Moringa-Poeder-1.jpg","datePublished":"2020-10-23T15:09:24+00:00","dateModified":"2025-11-08T16:21:13+00:00","description":"Biologische Moringa Poeder is ongekend rijk aan vitamines, mineralen, eiwitten, aminozuren, chlorofyl, antioxidanten & bioflavino\u00efden","breadcrumb":{"@id":"https:\/\/puurnordic.com\/en\/product\/gluten-free\/biologische-moringa-poeder\/#breadcrumb"},"inLanguage":"en-US","potentialAction":[{"@type":"ReadAction","target":["https:\/\/puurnordic.com\/en\/product\/gluten-free\/biologische-moringa-poeder\/"]}]},{"@type":"ImageObject","inLanguage":"en-US","@id":"https:\/\/puurnordic.com\/en\/product\/gluten-free\/biologische-moringa-poeder\/#primaryimage","url":"https:\/\/puurnordic.com\/wp-content\/uploads\/2023\/11\/Biologische-Moringa-Poeder-1.jpg","contentUrl":"https:\/\/puurnordic.com\/wp-content\/uploads\/2023\/11\/Biologische-Moringa-Poeder-1.jpg","width":800,"height":800},{"@type":"BreadcrumbList","@id":"https:\/\/puurnordic.com\/en\/product\/gluten-free\/biologische-moringa-poeder\/#breadcrumb","itemListElement":[{"@type":"ListItem","position":1,"name":"Home","item":"https:\/\/puurnordic.com\/en\/"},{"@type":"ListItem","position":2,"name":"Products","item":"https:\/\/puurnordic.com\/en\/products\/"},{"@type":"ListItem","position":3,"name":"Biologische Moringa Poeder"}]},{"@type":"WebSite","@id":"https:\/\/puurnordic.com\/en\/#website","url":"https:\/\/puurnordic.com\/en\/","name":"Puur Nordic","description":"","publisher":{"@id":"https:\/\/puurnordic.com\/en\/#organization"},"potentialAction":[{"@type":"SearchAction","target":{"@type":"EntryPoint","urlTemplate":"https:\/\/puurnordic.com\/en\/?s={search_term_string}"},"query-input":{"@type":"PropertyValueSpecification","valueRequired":true,"valueName":"search_term_string"}}],"inLanguage":"en-US"},{"@type":"Organization","@id":"https:\/\/puurnordic.com\/en\/#organization","name":"Puur Nordic","url":"https:\/\/puurnordic.com\/en\/","logo":{"@type":"ImageObject","inLanguage":"en-US","@id":"https:\/\/puurnordic.com\/en\/#\/schema\/logo\/image\/","url":"https:\/\/puurnordic.com\/wp-content\/uploads\/2023\/11\/Puur-Nordic-Logo-NEW-.jpg","contentUrl":"https:\/\/puurnordic.com\/wp-content\/uploads\/2023\/11\/Puur-Nordic-Logo-NEW-.jpg","width":2481,"height":2481,"caption":"Puur Nordic"},"image":{"@id":"https:\/\/puurnordic.com\/en\/#\/schema\/logo\/image\/"},"sameAs":["https:\/\/www.facebook.com\/puurnordicbenelux\/?locale=nl_NL"],"description":"Hoogste Kwaliteit Superfoods, Supplementen, Natuurlijke Cosmetica, Paddenstoelen, Lion's Mane, Chaga & Gezondheidsproducten","email":"info@puurnordic.com","legalName":"Puur Nordic","vatID":"NL002478772B58","taxID":"NL002478772B58","numberOfEmployees":{"@type":"QuantitativeValue","minValue":"1","maxValue":"10"}}]},"product_price_amount":"14.99","product_price_currency":"EUR","og_availability":"instock","product_availability":"instock","product_retailer_item_id":"6430049982175","product_condition":"new"},"_links":{"self":[{"href":"https:\/\/puurnordic.com\/en\/wp-json\/wp\/v2\/product\/11584","targetHints":{"allow":["GET"]}}],"collection":[{"href":"https:\/\/puurnordic.com\/en\/wp-json\/wp\/v2\/product"}],"about":[{"href":"https:\/\/puurnordic.com\/en\/wp-json\/wp\/v2\/types\/product"}],"wp:featuredmedia":[{"embeddable":true,"href":"https:\/\/puurnordic.com\/en\/wp-json\/wp\/v2\/media\/11585"}],"wp:attachment":[{"href":"https:\/\/puurnordic.com\/en\/wp-json\/wp\/v2\/media?parent=11584"}],"wp:term":[{"taxonomy":"product_brand","embeddable":true,"href":"https:\/\/puurnordic.com\/en\/wp-json\/wp\/v2\/product_brand?post=11584"},{"taxonomy":"product_cat","embeddable":true,"href":"https:\/\/puurnordic.com\/en\/wp-json\/wp\/v2\/product_cat?post=11584"},{"taxonomy":"product_tag","embeddable":true,"href":"https:\/\/puurnordic.com\/en\/wp-json\/wp\/v2\/product_tag?post=11584"}],"curies":[{"name":"wp","href":"https:\/\/api.w.org\/{rel}","templated":true}]}}