{"id":11590,"date":"2020-10-22T11:16:49","date_gmt":"2020-10-22T11:16:49","guid":{"rendered":"https:\/\/puurnordic.com\/?post_type=product&#038;p=11590"},"modified":"2025-11-11T19:02:56","modified_gmt":"2025-11-11T19:02:56","slug":"hennep-proteine","status":"publish","type":"product","link":"https:\/\/puurnordic.com\/en\/product\/protein\/hennep-proteine\/","title":{"rendered":"Hennep Prote\u00efne"},"content":{"rendered":"<h2>Hennep Prote\u00efne<\/h2>\n<p>Hennep Prote\u00efne is een zeer effectief en nuttig voedingssupplement voor atleten en vegetari\u00ebrs, omdat het een hoog gehalte aan plantaardige eiwitpoeder <a href=\"https:\/\/puurnordic.com\/producten\/eiwitten\/\" target=\"_blank\" rel=\"noopener noreferrer\">prote\u00efne <\/a>bevat, maar ook voedingsvezels en vetzuren die gunstig zijn voor de gezondheid. Hennep prote\u00efne bevat de hoogste hoeveelheid prote\u00efne van alle plantaardige prote\u00efnen ter wereld en is daarom erg populair aan het worden.<\/p>\n<p>Hennep poeder met een milde smaak en een neutrale smaak. Als je traditioneel hennepeiwit hebt geproefd, dan is dit compleet anders van smaak, veel lekkerder dan je ooit eerder hebt geproefd.<\/p>\n<p>Hennepeiwit is de meest natuurlijke keuze voor extra eiwit en is volledig plantaardig. Bij de productie wordt geen gebruik gemaakt van verwarming of andere vreemde stoffen. Zo blijven alle natuurlijke eigenschappen behouden. Het schone klimaat en het lange zomerlicht in Finland maken dit product uniek. Bij de teelt worden geen pesticiden gebruikt.<\/p>\n<p>&#8211; GEEN ADDITIEVEN &#8211; MAAGVRIENDELIJK &#8211; LACTOSEVRIJ &#8211; VEGAN &#8211;<\/p>\n<p>Plantaardige eiwitpoeder bevorderd de groei van spiermassa en helpt om sneller te herstellen, hierdoor is Hennep prote\u00efne poeder een ideaal supplement voor atleten, vegetari\u00ebrs en veganisten wiens gezondheid een dieet zonder dierlijke producten bevat. Eiwitten zijn essentieel voor de opbouw van de reparatie van het lichaam. Puur Nordic biedt voldoende eiwitrijke prote\u00efne supplementen, aan om jouw de juiste aanvulling te bieden. Eiwitten bestaan uit aminozuren, om de dagelijkse hoeveelheid aminozuren binnen te krijgen zal de juiste voeding moeten worden toegevoegd aan het dieet.<\/p>\n<p>Hennep eiwitpoeder is een hoogwaardige bron van plantaardig eiwit, maar het bevat ook veel voedingsvezels die de darmfunctie bevorderen. Hennep eiwit bevat exact de juiste verhouding van de essenti\u00eble vetzuren omega 3 en omega 6. Het bevat alle 20 aminozuren, waaronder de acht essenti\u00eble aminozuren voor ons lichaam.<\/p>\n<p>Omega 3 bevat veel onverzadigde vetzuren die van groot belang zijn voor ons lichaam en hier ook verschillende positieve uitwerkingen op hebben. De vetten die hier voor zorgen zijn essenti\u00eble vetzuren, wat betekent dat het vetzuren zijn die het lichaam niet zelf kan aanmaken. Uit wetenschappelijk onderzoek is gebleken dat maar liefst 90% van de bevolking een tekort heeft aan omega 3, en dat er bij de helft hiervan zelfs een ernstig tekort is.<\/p>\n<p>Hennepeiwit bevat alle 20 aminozuren, waaronder alle 8 essenti\u00eble aminozuren voor ons lichaam. Hennepeiwit is bovendien in een zeer goed opneembare vorm. Zo haal je het maximale uit het product en betaal je nergens voor.<\/p>\n<p>Ongeveer 0,5 dl = ongeveer 37 g poeder<\/p>\n<h3>Hoe te gebruiken:<\/h3>\n<p>Gebruik na sportprestaties: 0,5dl poeder + 3dl water of andere drank. Goed mengen voor consumptie. Daarnaast kun je het poeder gebruiken in pap, yoghurt, voedselbereiding, shakes, smoothies etc. om extra eiwitten en voeding te leveren<\/p>\n<h3>Bewaren:<\/h3>\n<p>Gesloten, droog en beschermd tegen licht.<\/p>\n<h3>Voedingsstoffen\/100g:<\/h3>\n<p>Energie: 1630 kJ\/387 kcal<br \/>\nVet: 12,3 g<br \/>\nwaarvan verzadigd: 1,1 g<br \/>\nOmega-3-vetzuren\/: 2,5 g<br \/>\nOmega-6-vetzuren: 6,9 g<br \/>\nKoolhydraten: 7,3 g<br \/>\nwaarvan suikers: 3,79 g<br \/>\nVoedingsvezels: 9 g<br \/>\nEiwit: 65 g<br \/>\nZout: 0 gr<br \/>\nLactose: 0,0 g\/100 g<\/p>\n<h3>Aminozuren \/100g:<\/h3>\n<p>Alanine: 2,42 g, arginine 7,77 g, asparaginezuur 6,03 g, glutaminezuur 10,7 g, glycine 2,50 g, histidine 1,63 g, hydroxyproline &lt;0,2 g, isoleucine 2,14 g, leucine 3,72 g, lysine 2, 19 g, ornithine &lt;0,05 g, Fenylalanine 2,52 g, Proline 2,05 g, Serine 2,81 g, Threonine 1,99 g, Tyrosine 1,93 g, Valine 2,83 g, Cyste\u00efne + cystine 0,982 g, Methionine 1,38 g<\/p>\n<h3>Mineralen: 100g:<\/h3>\n<p>Kalium: 2000 mg, Calcium: 150 mg, Magnesium: 1200 mg, Mangaan: 12 mg, IJzer: 20 mg, Selenium: 5 \u03bcg, Zink: 18 mg<\/p>\n<p><a href=\"https:\/\/puurnordic.com\/merken\/nordic-hennep-farm\/\" target=\"_blank\" rel=\"noopener noreferrer\">Nordic Hennep Farm<\/a> produceert verschillende Biologische Hennepzaad producten uit onze Finse hennepzaden. Finse pure hennepzaad producten zonder pesticiden. De hoogste kwaliteit en schoonste hennep \u2013 en bessenproducten worden gevonden. Onze producten zijn verpakt in op zichzelf staande en duurzame verpakkingen. Wij leveren verschillende producten van Hennep en Bessen in verschillende smaken! Het vermogen van de hennep om kruiden op te slaan is breed, maar niet goed bekend. Het totale oliegehalte van het zaad (33%) en het hoogwaardige eiwitgehalte (25%), zijn de voedingsvoordelen van hennep. Biologische en plantaardige eiwitpoeder is een van de meest populairste producten van Nordic Hennep Farm<\/p>\n<p><strong>Lees <a href=\"https:\/\/puurnordic.com\/blogs\/wat-is-omega-3\/\" target=\"_blank\" rel=\"noopener noreferrer\">hier<\/a> een interessante en informatieve blog post over Omega 3<\/strong><\/p>\n<h4 style=\"text-align: center;\"><span style=\"text-decoration: underline;\"><strong>Puur Nordic<\/strong><\/span><\/h4>\n<p style=\"text-align: center;\"><strong>Snelle verzending<\/strong><\/p>\n<p style=\"text-align: center;\"><strong>Hoogste Kwaliteit<\/strong><\/p>\n<p style=\"text-align: center;\"><strong>Webshop keurmerk<\/strong><\/p>\n<p style=\"text-align: center;\"><strong><a href=\"https:\/\/puurnordic.com\/producten\/chaga\/\" target=\"_blank\" rel=\"noopener noreferrer\">Chaga specialist<\/a><\/strong><\/p>\n<p style=\"text-align: center;\"><strong>Unieke producten uit Scandinavi\u00eb<\/strong><\/p>\n<p style=\"text-align: center;\"><strong>30 dagen geld terug garantie<\/strong><\/p>\n<p style=\"text-align: center;\"><strong>Gratis verzending bij besteding vanaf \u20ac50,-<\/strong><\/p>\n","protected":false},"excerpt":{"rendered":"<p>Hennep prote\u00efne is een zeer effectief en nuttig voedingssupplement voor atleten en vegetari\u00ebrs, omdat het een hoog gehalte aan plantaardige eiwitpoeder bevat, maar ook voedingsvezels en vetzuren die gunstig zijn voor de gezondheid. Hennep prote\u00efne bevat de hoogste hoeveelheid prote\u00efne van alle plantaardige prote\u00efnen ter wereld en is daarom erg populair aan het worden. Hennep eiwitpoeder is een hoogwaardige bron van plantaardig eiwit, maar het bevat ook veel voedingsvezels die de darmfunctie bevorderen. Hennep eiwit bevat exact de juiste verhouding van de essenti\u00eble vetzuren omega 3 en omega 6. Het bevat alle 20 aminozuren, waaronder de acht essenti\u00eble aminozuren voor ons lichaam.<\/p>\n<ul>\n<li><strong>Hoogste hoeveelheid prote\u00efne van alle plantaardige prote\u00efnen<\/strong><\/li>\n<li><strong>Bevat alle 20 aminozuren<\/strong><\/li>\n<li><strong>De hoogste kwaliteit en schoonste hennep zaden uit Scandinavi\u00eb\u00a0<\/strong><\/li>\n<\/ul>\n","protected":false},"featured_media":24749,"template":"","meta":{"_acf_changed":false},"product_brand":[1261],"product_cat":[469,493,505],"product_tag":[],"class_list":{"0":"post-11590","1":"product","2":"type-product","3":"status-publish","4":"has-post-thumbnail","6":"product_brand-green-finns","7":"product_cat-protein","8":"product_cat-smoothies","9":"product_cat-vegan","11":"first","12":"instock","13":"taxable","14":"shipping-taxable","15":"purchasable","16":"product-type-simple"},"acf":[],"yoast_head":"<!-- This site is optimized with the Yoast SEO Premium plugin v27.4 (Yoast SEO v27.4) - https:\/\/yoast.com\/product\/yoast-seo-premium-wordpress\/ -->\n<title>Hennep Prote\u00efne - Puur Nordic - Plantaardige Eiwittenpoeder<\/title>\n<meta name=\"description\" content=\"Hennep Prote\u00efne bevat de hoogste hoeveelheid prote\u00efne van alle plantaardige prote\u00efnen ter wereld , 65g prote\u00efne in 100g| Plantaardige eiwittenpoeder\" \/>\n<meta name=\"robots\" content=\"index, follow, max-snippet:-1, max-image-preview:large, max-video-preview:-1\" \/>\n<link rel=\"canonical\" href=\"https:\/\/puurnordic.com\/en\/product\/protein\/hennep-proteine\/\" \/>\n<meta property=\"og:locale\" content=\"en_US\" \/>\n<meta property=\"og:type\" content=\"article\" \/>\n<meta property=\"og:title\" content=\"Hennep Prote\u00efne\" \/>\n<meta property=\"og:description\" content=\"Hennep Prote\u00efne bevat de hoogste hoeveelheid prote\u00efne van alle plantaardige prote\u00efnen ter wereld , 65g prote\u00efne in 100g| Plantaardige eiwittenpoeder\" \/>\n<meta property=\"og:url\" content=\"https:\/\/puurnordic.com\/en\/product\/protein\/hennep-proteine\/\" \/>\n<meta property=\"og:site_name\" content=\"Puur Nordic\" \/>\n<meta property=\"article:publisher\" content=\"https:\/\/www.facebook.com\/puurnordicbenelux\/?locale=nl_NL\" \/>\n<meta property=\"article:modified_time\" content=\"2025-11-11T19:02:56+00:00\" \/>\n<meta property=\"og:image\" content=\"https:\/\/puurnordic.com\/wp-content\/uploads\/2023\/11\/Hennep-pro-1.jpg\" \/>\n\t<meta property=\"og:image:width\" content=\"540\" \/>\n\t<meta property=\"og:image:height\" content=\"540\" \/>\n\t<meta property=\"og:image:type\" content=\"image\/jpeg\" \/>\n<meta name=\"twitter:card\" content=\"summary_large_image\" \/>\n<meta name=\"twitter:label1\" content=\"Price\" \/>\n\t<meta name=\"twitter:data1\" content=\"&euro;14,99\" \/>\n\t<meta name=\"twitter:label2\" content=\"Availability\" \/>\n\t<meta name=\"twitter:data2\" content=\"In stock\" \/>\n<script type=\"application\/ld+json\" class=\"yoast-schema-graph\">{\"@context\":\"https:\\\/\\\/schema.org\",\"@graph\":[{\"@type\":\"WebPage\",\"@id\":\"https:\\\/\\\/puurnordic.com\\\/en\\\/product\\\/protein\\\/hennep-proteine\\\/\",\"url\":\"https:\\\/\\\/puurnordic.com\\\/en\\\/product\\\/protein\\\/hennep-proteine\\\/\",\"name\":\"Hennep Prote\u00efne - Puur Nordic - Plantaardige Eiwittenpoeder\",\"isPartOf\":{\"@id\":\"https:\\\/\\\/puurnordic.com\\\/en\\\/#website\"},\"primaryImageOfPage\":{\"@id\":\"https:\\\/\\\/puurnordic.com\\\/en\\\/product\\\/protein\\\/hennep-proteine\\\/#primaryimage\"},\"image\":{\"@id\":\"https:\\\/\\\/puurnordic.com\\\/en\\\/product\\\/protein\\\/hennep-proteine\\\/#primaryimage\"},\"thumbnailUrl\":\"https:\\\/\\\/puurnordic.com\\\/wp-content\\\/uploads\\\/2020\\\/10\\\/ChatGPT-Image-16-mrt-2026-20_10_27.png\",\"datePublished\":\"2020-10-22T11:16:49+00:00\",\"dateModified\":\"2025-11-11T19:02:56+00:00\",\"description\":\"Hennep Prote\u00efne bevat de hoogste hoeveelheid prote\u00efne van alle plantaardige prote\u00efnen ter wereld , 65g prote\u00efne in 100g| Plantaardige eiwittenpoeder\",\"breadcrumb\":{\"@id\":\"https:\\\/\\\/puurnordic.com\\\/en\\\/product\\\/protein\\\/hennep-proteine\\\/#breadcrumb\"},\"inLanguage\":\"en-US\",\"potentialAction\":[{\"@type\":\"ReadAction\",\"target\":[\"https:\\\/\\\/puurnordic.com\\\/en\\\/product\\\/protein\\\/hennep-proteine\\\/\"]}]},{\"@type\":\"ImageObject\",\"inLanguage\":\"en-US\",\"@id\":\"https:\\\/\\\/puurnordic.com\\\/en\\\/product\\\/protein\\\/hennep-proteine\\\/#primaryimage\",\"url\":\"https:\\\/\\\/puurnordic.com\\\/wp-content\\\/uploads\\\/2020\\\/10\\\/ChatGPT-Image-16-mrt-2026-20_10_27.png\",\"contentUrl\":\"https:\\\/\\\/puurnordic.com\\\/wp-content\\\/uploads\\\/2020\\\/10\\\/ChatGPT-Image-16-mrt-2026-20_10_27.png\",\"width\":1024,\"height\":1536,\"caption\":\"Hennep Prote\u00efne\"},{\"@type\":\"BreadcrumbList\",\"@id\":\"https:\\\/\\\/puurnordic.com\\\/en\\\/product\\\/protein\\\/hennep-proteine\\\/#breadcrumb\",\"itemListElement\":[{\"@type\":\"ListItem\",\"position\":1,\"name\":\"Home\",\"item\":\"https:\\\/\\\/puurnordic.com\\\/en\\\/\"},{\"@type\":\"ListItem\",\"position\":2,\"name\":\"Products\",\"item\":\"https:\\\/\\\/puurnordic.com\\\/en\\\/products\\\/\"},{\"@type\":\"ListItem\",\"position\":3,\"name\":\"Hennep Prote\u00efne\"}]},{\"@type\":\"WebSite\",\"@id\":\"https:\\\/\\\/puurnordic.com\\\/en\\\/#website\",\"url\":\"https:\\\/\\\/puurnordic.com\\\/en\\\/\",\"name\":\"Puur Nordic\",\"description\":\"\",\"publisher\":{\"@id\":\"https:\\\/\\\/puurnordic.com\\\/en\\\/#organization\"},\"potentialAction\":[{\"@type\":\"SearchAction\",\"target\":{\"@type\":\"EntryPoint\",\"urlTemplate\":\"https:\\\/\\\/puurnordic.com\\\/en\\\/?s={search_term_string}\"},\"query-input\":{\"@type\":\"PropertyValueSpecification\",\"valueRequired\":true,\"valueName\":\"search_term_string\"}}],\"inLanguage\":\"en-US\"},{\"@type\":\"Organization\",\"@id\":\"https:\\\/\\\/puurnordic.com\\\/en\\\/#organization\",\"name\":\"Puur Nordic\",\"url\":\"https:\\\/\\\/puurnordic.com\\\/en\\\/\",\"logo\":{\"@type\":\"ImageObject\",\"inLanguage\":\"en-US\",\"@id\":\"https:\\\/\\\/puurnordic.com\\\/en\\\/#\\\/schema\\\/logo\\\/image\\\/\",\"url\":\"https:\\\/\\\/puurnordic.com\\\/wp-content\\\/uploads\\\/2023\\\/11\\\/Puur-Nordic-Logo-NEW-.jpg\",\"contentUrl\":\"https:\\\/\\\/puurnordic.com\\\/wp-content\\\/uploads\\\/2023\\\/11\\\/Puur-Nordic-Logo-NEW-.jpg\",\"width\":2481,\"height\":2481,\"caption\":\"Puur Nordic\"},\"image\":{\"@id\":\"https:\\\/\\\/puurnordic.com\\\/en\\\/#\\\/schema\\\/logo\\\/image\\\/\"},\"sameAs\":[\"https:\\\/\\\/www.facebook.com\\\/puurnordicbenelux\\\/?locale=nl_NL\"],\"description\":\"Hoogste Kwaliteit Superfoods, Supplementen, Natuurlijke Cosmetica, Paddenstoelen, Lion's Mane, Chaga & Gezondheidsproducten\",\"email\":\"info@puurnordic.com\",\"legalName\":\"Puur Nordic\",\"vatID\":\"NL002478772B58\",\"taxID\":\"NL002478772B58\",\"numberOfEmployees\":{\"@type\":\"QuantitativeValue\",\"minValue\":\"1\",\"maxValue\":\"10\"}}]}<\/script>\n<meta property=\"product:price:amount\" content=\"14.99\" \/>\n<meta property=\"product:price:currency\" content=\"EUR\" \/>\n<meta property=\"og:availability\" content=\"instock\" \/>\n<meta property=\"product:availability\" content=\"instock\" \/>\n<meta property=\"product:retailer_item_id\" content=\"6430051641657\" \/>\n<meta property=\"product:condition\" content=\"new\" \/>\n<!-- \/ Yoast SEO Premium plugin. -->","yoast_head_json":{"title":"Hennep Prote\u00efne - Puur Nordic - Plantaardige Eiwittenpoeder","description":"Hennep Prote\u00efne bevat de hoogste hoeveelheid prote\u00efne van alle plantaardige prote\u00efnen ter wereld , 65g prote\u00efne in 100g| Plantaardige eiwittenpoeder","robots":{"index":"index","follow":"follow","max-snippet":"max-snippet:-1","max-image-preview":"max-image-preview:large","max-video-preview":"max-video-preview:-1"},"canonical":"https:\/\/puurnordic.com\/en\/product\/protein\/hennep-proteine\/","og_locale":"en_US","og_type":"article","og_title":"Hennep Prote\u00efne","og_description":"Hennep Prote\u00efne bevat de hoogste hoeveelheid prote\u00efne van alle plantaardige prote\u00efnen ter wereld , 65g prote\u00efne in 100g| Plantaardige eiwittenpoeder","og_url":"https:\/\/puurnordic.com\/en\/product\/protein\/hennep-proteine\/","og_site_name":"Puur Nordic","article_publisher":"https:\/\/www.facebook.com\/puurnordicbenelux\/?locale=nl_NL","article_modified_time":"2025-11-11T19:02:56+00:00","og_image":[{"width":540,"height":540,"url":"https:\/\/puurnordic.com\/wp-content\/uploads\/2023\/11\/Hennep-pro-1.jpg","type":"image\/jpeg"}],"twitter_card":"summary_large_image","twitter_misc":{"Price":"&euro;14,99","Availability":"In stock"},"schema":{"@context":"https:\/\/schema.org","@graph":[{"@type":"WebPage","@id":"https:\/\/puurnordic.com\/en\/product\/protein\/hennep-proteine\/","url":"https:\/\/puurnordic.com\/en\/product\/protein\/hennep-proteine\/","name":"Hennep Prote\u00efne - Puur Nordic - Plantaardige Eiwittenpoeder","isPartOf":{"@id":"https:\/\/puurnordic.com\/en\/#website"},"primaryImageOfPage":{"@id":"https:\/\/puurnordic.com\/en\/product\/protein\/hennep-proteine\/#primaryimage"},"image":{"@id":"https:\/\/puurnordic.com\/en\/product\/protein\/hennep-proteine\/#primaryimage"},"thumbnailUrl":"https:\/\/puurnordic.com\/wp-content\/uploads\/2020\/10\/ChatGPT-Image-16-mrt-2026-20_10_27.png","datePublished":"2020-10-22T11:16:49+00:00","dateModified":"2025-11-11T19:02:56+00:00","description":"Hennep Prote\u00efne bevat de hoogste hoeveelheid prote\u00efne van alle plantaardige prote\u00efnen ter wereld , 65g prote\u00efne in 100g| Plantaardige eiwittenpoeder","breadcrumb":{"@id":"https:\/\/puurnordic.com\/en\/product\/protein\/hennep-proteine\/#breadcrumb"},"inLanguage":"en-US","potentialAction":[{"@type":"ReadAction","target":["https:\/\/puurnordic.com\/en\/product\/protein\/hennep-proteine\/"]}]},{"@type":"ImageObject","inLanguage":"en-US","@id":"https:\/\/puurnordic.com\/en\/product\/protein\/hennep-proteine\/#primaryimage","url":"https:\/\/puurnordic.com\/wp-content\/uploads\/2020\/10\/ChatGPT-Image-16-mrt-2026-20_10_27.png","contentUrl":"https:\/\/puurnordic.com\/wp-content\/uploads\/2020\/10\/ChatGPT-Image-16-mrt-2026-20_10_27.png","width":1024,"height":1536,"caption":"Hennep Prote\u00efne"},{"@type":"BreadcrumbList","@id":"https:\/\/puurnordic.com\/en\/product\/protein\/hennep-proteine\/#breadcrumb","itemListElement":[{"@type":"ListItem","position":1,"name":"Home","item":"https:\/\/puurnordic.com\/en\/"},{"@type":"ListItem","position":2,"name":"Products","item":"https:\/\/puurnordic.com\/en\/products\/"},{"@type":"ListItem","position":3,"name":"Hennep Prote\u00efne"}]},{"@type":"WebSite","@id":"https:\/\/puurnordic.com\/en\/#website","url":"https:\/\/puurnordic.com\/en\/","name":"Puur Nordic","description":"","publisher":{"@id":"https:\/\/puurnordic.com\/en\/#organization"},"potentialAction":[{"@type":"SearchAction","target":{"@type":"EntryPoint","urlTemplate":"https:\/\/puurnordic.com\/en\/?s={search_term_string}"},"query-input":{"@type":"PropertyValueSpecification","valueRequired":true,"valueName":"search_term_string"}}],"inLanguage":"en-US"},{"@type":"Organization","@id":"https:\/\/puurnordic.com\/en\/#organization","name":"Puur Nordic","url":"https:\/\/puurnordic.com\/en\/","logo":{"@type":"ImageObject","inLanguage":"en-US","@id":"https:\/\/puurnordic.com\/en\/#\/schema\/logo\/image\/","url":"https:\/\/puurnordic.com\/wp-content\/uploads\/2023\/11\/Puur-Nordic-Logo-NEW-.jpg","contentUrl":"https:\/\/puurnordic.com\/wp-content\/uploads\/2023\/11\/Puur-Nordic-Logo-NEW-.jpg","width":2481,"height":2481,"caption":"Puur Nordic"},"image":{"@id":"https:\/\/puurnordic.com\/en\/#\/schema\/logo\/image\/"},"sameAs":["https:\/\/www.facebook.com\/puurnordicbenelux\/?locale=nl_NL"],"description":"Hoogste Kwaliteit Superfoods, Supplementen, Natuurlijke Cosmetica, Paddenstoelen, Lion's Mane, Chaga & Gezondheidsproducten","email":"info@puurnordic.com","legalName":"Puur Nordic","vatID":"NL002478772B58","taxID":"NL002478772B58","numberOfEmployees":{"@type":"QuantitativeValue","minValue":"1","maxValue":"10"}}]},"product_price_amount":"14.99","product_price_currency":"EUR","og_availability":"instock","product_availability":"instock","product_retailer_item_id":"6430051641657","product_condition":"new"},"_links":{"self":[{"href":"https:\/\/puurnordic.com\/en\/wp-json\/wp\/v2\/product\/11590","targetHints":{"allow":["GET"]}}],"collection":[{"href":"https:\/\/puurnordic.com\/en\/wp-json\/wp\/v2\/product"}],"about":[{"href":"https:\/\/puurnordic.com\/en\/wp-json\/wp\/v2\/types\/product"}],"wp:featuredmedia":[{"embeddable":true,"href":"https:\/\/puurnordic.com\/en\/wp-json\/wp\/v2\/media\/24749"}],"wp:attachment":[{"href":"https:\/\/puurnordic.com\/en\/wp-json\/wp\/v2\/media?parent=11590"}],"wp:term":[{"taxonomy":"product_brand","embeddable":true,"href":"https:\/\/puurnordic.com\/en\/wp-json\/wp\/v2\/product_brand?post=11590"},{"taxonomy":"product_cat","embeddable":true,"href":"https:\/\/puurnordic.com\/en\/wp-json\/wp\/v2\/product_cat?post=11590"},{"taxonomy":"product_tag","embeddable":true,"href":"https:\/\/puurnordic.com\/en\/wp-json\/wp\/v2\/product_tag?post=11590"}],"curies":[{"name":"wp","href":"https:\/\/api.w.org\/{rel}","templated":true}]}}