{"id":11599,"date":"2020-09-08T12:26:48","date_gmt":"2020-09-08T12:26:48","guid":{"rendered":"https:\/\/puurnordic.com\/?post_type=product&#038;p=11599"},"modified":"2026-01-23T23:41:53","modified_gmt":"2026-01-23T23:41:53","slug":"rhodiola-rozenwortel-extract-tincuur","status":"publish","type":"product","link":"https:\/\/puurnordic.com\/en\/product\/gluten-free\/rhodiola-rozenwortel-extract-tincuur\/","title":{"rendered":"Rhodiola Rozenwortel Extract Tinctuur"},"content":{"rendered":"<h2>Rhodiola Rozenwortel Extract Tinctuur<\/h2>\n<p>Rhodiola Rozenwortel Extract Tinctuur van <a href=\"https:\/\/puurnordic.com\/merken\/foodin\/\" target=\"_blank\" rel=\"noopener noreferrer\">Foodin<\/a> is een van de populairste kruiden product uit Scandinavi\u00eb. Het gebruik van de Rhodiola rosea of in het Nederlands rozewortel dateert uit de tijd van de Vikingen, die dit prachtige kruid gebruikten om hun energie een boost te geven tijdens de lange zeereizen en uitputtende gevechten. De adaptief werkende rozewortel helpt het lichaam om zich aan te passen aan verschillende condities, helpt om stress te verlichten, de geest in balans te brengen, prestaties te vergroten en fysieke prestaties te ondersteunen. Dit product is glutenvrij, bevat geen melk, is vrij van GMO\u2019s, <a href=\"https:\/\/puurnordic.com\/producten\/vegan\/\" target=\"_blank\" rel=\"noopener noreferrer\">vegan<\/a>, raw en bevat geen toevoegingen of conserveringsmiddelen. Rhodiola Rosea Rozewortel bevat rustgevende en holistische eigenschappen waardoor het een grote aanvulling is op het hedendaagse stressvolle en hectische leven. Dit kruid is het best bekende adaptogeen van Finland en ondersteunt bij nervositeit en cognitieve functies. Rozenwortel heeft een positief effect op het mentale welzijn.<\/p>\n<h3>Antioxidanten in rozewortel<\/h3>\n<p>Rhodiola rosea rozenwortel zit vol met antioxidanten. De meest bekende antioxidanten zijn Vitamine C &amp; Vitamine E en hebben een beschermende functie voor het lichaam. Antioxidanten beschermen het lichaam tegen vrije radicalen. Vrije radicalen worden gevormd tijdens het stofwisselingsproces van het lichaam, waarbij energie ontstaat. Het lichaam gebruikt zuurstof om energie te halen uit koolhydraten en vetten, tijdens dit proces ontstaan de gevreesde vrije radicalen. Tot slot rozewortel is een krachtige antioxidant die lipidenperoxidatie vermindert en vooral de reserve van bijniercortisol verhoogt terwijl het een overmatige afgifte remt.<\/p>\n<h3>Herkomst van Rhodiola rosea rozewortel<\/h3>\n<p>Rozewortel is een plant uit de vetplantenfamilie. De plant groeit in de koude delen van de wereld, waaronder een groot deel van de Arctics, de bergen van Centraal-Azi\u00eb en bergachtige delen van Europa, zoals de Alpen, de Pyrenee\u00ebn, de Karpaten, Scandinavi\u00eb, IJsland, Groot-Brittanni\u00eb en Ierland.<\/p>\n<h3>Vitamine C<\/h3>\n<p>Vitamine C, ook wel ascorbinezuur is een van de bekendste vitaminen, het werkt als antioxidant in het lichaam en beschermt daardoor je lichaamscellen tegen schade. Vitamine C zit in groenten en fruit, en dan voornamelijk in koolsoorten en citrusfruit, bessen aardbeien en kiwi\u2019s. Het draagt bij aan de vorming van collageen wat van belang is voor de bloedvaten, ondersteunt de botten, heeft een gunstige invloed op een normaal energie leverend metabolisme, heeft een positieve invloed op het immuunsysteem, ondersteunt de tanden, draagt bij aan hersen- en zenuwfuncties die betrokken zijn bij het leervermogen en speelt een belangrijke rol in het functioneren van de zenuwen.<\/p>\n<h3>Ingredi\u00ebnten Rhodiola Rozenwortel Extract:<\/h3>\n<p>Rhodiola Rosea Rozenwortel Extract, water &amp; ethanol ( 20% )<\/p>\n<h3>Gebruik:<\/h3>\n<p>1 ml (1 pipet) 3 keer per dag<\/p>\n<h3>Inhoud Rhodiola Rozenwortel Extract Tincuur:<\/h3>\n<p>50ml<\/p>\n<h4><strong>Lee hier een interessante en informatieve blog post over <a href=\"https:\/\/puurnordic.com\/blogs\/antioxidanten\/\" target=\"_blank\" rel=\"noopener noreferrer\">antioxidanten<\/a><\/strong><\/h4>\n<p>&nbsp;<\/p>\n<h4 style=\"text-align: center;\"><span style=\"text-decoration: underline;\"><strong>Puur Nordic<\/strong><\/span><\/h4>\n<p style=\"text-align: center;\"><strong>Snelle verzending<\/strong><\/p>\n<p style=\"text-align: center;\"><strong>Hoogste Kwaliteit<\/strong><\/p>\n<p style=\"text-align: center;\"><strong>Webshop keurmerk<\/strong><\/p>\n<p style=\"text-align: center;\"><strong><a href=\"https:\/\/puurnordic.com\/producten\/chaga\/\" target=\"_blank\" rel=\"noopener noreferrer\">Chaga specialist<\/a><\/strong><\/p>\n<p style=\"text-align: center;\"><strong>Unieke producten uit Scandinavi\u00eb<\/strong><\/p>\n<p style=\"text-align: center;\"><strong>30 dagen geld terug garantie<\/strong><\/p>\n<p style=\"text-align: center;\"><strong>Gratis verzending bij besteding vanaf \u20ac50,-<\/strong><\/p>\n","protected":false},"excerpt":{"rendered":"<p>Rhodiola Rosea Rozenwortel Extract Tincuur van Foodin is een van de populairste kruiden product uit Scandinavi\u00eb. De adaptief werkende rozenwortel helpt het lichaam om zich aan te passen aan verschillende condities, helpt om stress te verlichten, de geest in balans te brengen, prestaties te vergroten en fysieke prestaties te ondersteunen. Rhodiola Rosea Rozewortel bevat rustgevende en holistische eigenschappen waardoor het een grote aanvulling is op het hedendaagse stressvolle en hectische leven. Dit kruid is het best bekende adaptogeen van Finland en ondersteunt bij nervositeit en cognitieve functies. Rozewortel heeft een positief effect op het mentale welzijn.<\/p>\n<ul>\n<li><strong>Een van de populairste kruiden product uit Scandinavi\u00eb<\/strong><\/li>\n<li><strong>Glutenvrij, bevat geen melk, is vrij van GMO\u2019s, vegan, raw <\/strong><\/li>\n<li><strong>Bevat geen toevoegingen of conserveringsmiddelen<\/strong><\/li>\n<li><strong>Vol met antioxidanten en vitamines<\/strong><\/li>\n<\/ul>\n","protected":false},"featured_media":11600,"template":"","meta":{"_acf_changed":false},"product_brand":[1257],"product_cat":[472,487,496],"product_tag":[],"class_list":{"0":"post-11599","1":"product","2":"type-product","3":"status-publish","4":"has-post-thumbnail","6":"product_brand-foodin","7":"product_cat-gluten-free","8":"product_cat-natural-herbs","9":"product_cat-superfoods","11":"first","12":"instock","13":"taxable","14":"shipping-taxable","15":"purchasable","16":"product-type-simple"},"acf":[],"yoast_head":"<!-- This site is optimized with the Yoast SEO Premium plugin v27.4 (Yoast SEO v27.4) - https:\/\/yoast.com\/product\/yoast-seo-premium-wordpress\/ -->\n<title>Rhodiola Rozenwortel Extract Tinctuur - Puur Nordic - Rhodiola Rosea<\/title>\n<meta name=\"description\" content=\"Rhodiola Rosea Extract Tincuur is een van de populairste kruiden product uit Scandinavi\u00eb | Rozewortel helpt om stress te verlichten\" \/>\n<meta name=\"robots\" content=\"index, follow, max-snippet:-1, max-image-preview:large, max-video-preview:-1\" \/>\n<link rel=\"canonical\" href=\"https:\/\/puurnordic.com\/en\/product\/gluten-free\/rhodiola-rozenwortel-extract-tincuur\/\" \/>\n<meta property=\"og:locale\" content=\"en_US\" \/>\n<meta property=\"og:type\" content=\"article\" \/>\n<meta property=\"og:title\" content=\"Rhodiola Rozenwortel Extract Tinctuur\" \/>\n<meta property=\"og:description\" content=\"Rhodiola Rosea Extract Tincuur is een van de populairste kruiden product uit Scandinavi\u00eb | Rozewortel helpt om stress te verlichten\" \/>\n<meta property=\"og:url\" content=\"https:\/\/puurnordic.com\/en\/product\/gluten-free\/rhodiola-rozenwortel-extract-tincuur\/\" \/>\n<meta property=\"og:site_name\" content=\"Puur Nordic\" \/>\n<meta property=\"article:publisher\" content=\"https:\/\/www.facebook.com\/puurnordicbenelux\/?locale=nl_NL\" \/>\n<meta property=\"article:modified_time\" content=\"2026-01-23T23:41:53+00:00\" \/>\n<meta property=\"og:image\" content=\"https:\/\/puurnordic.com\/wp-content\/uploads\/2023\/11\/Rose-1.png\" \/>\n\t<meta property=\"og:image:width\" content=\"600\" \/>\n\t<meta property=\"og:image:height\" content=\"600\" \/>\n\t<meta property=\"og:image:type\" content=\"image\/png\" \/>\n<meta name=\"twitter:card\" content=\"summary_large_image\" \/>\n<meta name=\"twitter:label1\" content=\"Price\" \/>\n\t<meta name=\"twitter:data1\" content=\"&euro;24,99\" \/>\n\t<meta name=\"twitter:label2\" content=\"Availability\" \/>\n\t<meta name=\"twitter:data2\" content=\"In stock\" \/>\n<script type=\"application\/ld+json\" class=\"yoast-schema-graph\">{\"@context\":\"https:\\\/\\\/schema.org\",\"@graph\":[{\"@type\":\"WebPage\",\"@id\":\"https:\\\/\\\/puurnordic.com\\\/en\\\/product\\\/gluten-free\\\/rhodiola-rozenwortel-extract-tincuur\\\/\",\"url\":\"https:\\\/\\\/puurnordic.com\\\/en\\\/product\\\/gluten-free\\\/rhodiola-rozenwortel-extract-tincuur\\\/\",\"name\":\"Rhodiola Rozenwortel Extract Tinctuur - Puur Nordic - Rhodiola Rosea\",\"isPartOf\":{\"@id\":\"https:\\\/\\\/puurnordic.com\\\/en\\\/#website\"},\"primaryImageOfPage\":{\"@id\":\"https:\\\/\\\/puurnordic.com\\\/en\\\/product\\\/gluten-free\\\/rhodiola-rozenwortel-extract-tincuur\\\/#primaryimage\"},\"image\":{\"@id\":\"https:\\\/\\\/puurnordic.com\\\/en\\\/product\\\/gluten-free\\\/rhodiola-rozenwortel-extract-tincuur\\\/#primaryimage\"},\"thumbnailUrl\":\"https:\\\/\\\/puurnordic.com\\\/wp-content\\\/uploads\\\/2023\\\/11\\\/Rose-1.png\",\"datePublished\":\"2020-09-08T12:26:48+00:00\",\"dateModified\":\"2026-01-23T23:41:53+00:00\",\"description\":\"Rhodiola Rosea Extract Tincuur is een van de populairste kruiden product uit Scandinavi\u00eb | Rozewortel helpt om stress te verlichten\",\"breadcrumb\":{\"@id\":\"https:\\\/\\\/puurnordic.com\\\/en\\\/product\\\/gluten-free\\\/rhodiola-rozenwortel-extract-tincuur\\\/#breadcrumb\"},\"inLanguage\":\"en-US\",\"potentialAction\":[{\"@type\":\"ReadAction\",\"target\":[\"https:\\\/\\\/puurnordic.com\\\/en\\\/product\\\/gluten-free\\\/rhodiola-rozenwortel-extract-tincuur\\\/\"]}]},{\"@type\":\"ImageObject\",\"inLanguage\":\"en-US\",\"@id\":\"https:\\\/\\\/puurnordic.com\\\/en\\\/product\\\/gluten-free\\\/rhodiola-rozenwortel-extract-tincuur\\\/#primaryimage\",\"url\":\"https:\\\/\\\/puurnordic.com\\\/wp-content\\\/uploads\\\/2023\\\/11\\\/Rose-1.png\",\"contentUrl\":\"https:\\\/\\\/puurnordic.com\\\/wp-content\\\/uploads\\\/2023\\\/11\\\/Rose-1.png\",\"width\":600,\"height\":600,\"caption\":\"Rhodiola Rosea Rozenwortel Extract Tincuur - Rozewortel\"},{\"@type\":\"BreadcrumbList\",\"@id\":\"https:\\\/\\\/puurnordic.com\\\/en\\\/product\\\/gluten-free\\\/rhodiola-rozenwortel-extract-tincuur\\\/#breadcrumb\",\"itemListElement\":[{\"@type\":\"ListItem\",\"position\":1,\"name\":\"Home\",\"item\":\"https:\\\/\\\/puurnordic.com\\\/en\\\/\"},{\"@type\":\"ListItem\",\"position\":2,\"name\":\"Products\",\"item\":\"https:\\\/\\\/puurnordic.com\\\/en\\\/products\\\/\"},{\"@type\":\"ListItem\",\"position\":3,\"name\":\"Rhodiola Rozenwortel Extract Tinctuur\"}]},{\"@type\":\"WebSite\",\"@id\":\"https:\\\/\\\/puurnordic.com\\\/en\\\/#website\",\"url\":\"https:\\\/\\\/puurnordic.com\\\/en\\\/\",\"name\":\"Puur Nordic\",\"description\":\"\",\"publisher\":{\"@id\":\"https:\\\/\\\/puurnordic.com\\\/en\\\/#organization\"},\"potentialAction\":[{\"@type\":\"SearchAction\",\"target\":{\"@type\":\"EntryPoint\",\"urlTemplate\":\"https:\\\/\\\/puurnordic.com\\\/en\\\/?s={search_term_string}\"},\"query-input\":{\"@type\":\"PropertyValueSpecification\",\"valueRequired\":true,\"valueName\":\"search_term_string\"}}],\"inLanguage\":\"en-US\"},{\"@type\":\"Organization\",\"@id\":\"https:\\\/\\\/puurnordic.com\\\/en\\\/#organization\",\"name\":\"Puur Nordic\",\"url\":\"https:\\\/\\\/puurnordic.com\\\/en\\\/\",\"logo\":{\"@type\":\"ImageObject\",\"inLanguage\":\"en-US\",\"@id\":\"https:\\\/\\\/puurnordic.com\\\/en\\\/#\\\/schema\\\/logo\\\/image\\\/\",\"url\":\"https:\\\/\\\/puurnordic.com\\\/wp-content\\\/uploads\\\/2023\\\/11\\\/Puur-Nordic-Logo-NEW-.jpg\",\"contentUrl\":\"https:\\\/\\\/puurnordic.com\\\/wp-content\\\/uploads\\\/2023\\\/11\\\/Puur-Nordic-Logo-NEW-.jpg\",\"width\":2481,\"height\":2481,\"caption\":\"Puur Nordic\"},\"image\":{\"@id\":\"https:\\\/\\\/puurnordic.com\\\/en\\\/#\\\/schema\\\/logo\\\/image\\\/\"},\"sameAs\":[\"https:\\\/\\\/www.facebook.com\\\/puurnordicbenelux\\\/?locale=nl_NL\"],\"description\":\"Hoogste Kwaliteit Superfoods, Supplementen, Natuurlijke Cosmetica, Paddenstoelen, Lion's Mane, Chaga & Gezondheidsproducten\",\"email\":\"info@puurnordic.com\",\"legalName\":\"Puur Nordic\",\"vatID\":\"NL002478772B58\",\"taxID\":\"NL002478772B58\",\"numberOfEmployees\":{\"@type\":\"QuantitativeValue\",\"minValue\":\"1\",\"maxValue\":\"10\"}}]}<\/script>\n<meta property=\"product:price:amount\" content=\"24.99\" \/>\n<meta property=\"product:price:currency\" content=\"EUR\" \/>\n<meta property=\"og:availability\" content=\"instock\" \/>\n<meta property=\"product:availability\" content=\"instock\" \/>\n<meta property=\"product:retailer_item_id\" content=\"6430055219333\" \/>\n<meta property=\"product:condition\" content=\"new\" \/>\n<!-- \/ Yoast SEO Premium plugin. -->","yoast_head_json":{"title":"Rhodiola Rozenwortel Extract Tinctuur - Puur Nordic - Rhodiola Rosea","description":"Rhodiola Rosea Extract Tincuur is een van de populairste kruiden product uit Scandinavi\u00eb | Rozewortel helpt om stress te verlichten","robots":{"index":"index","follow":"follow","max-snippet":"max-snippet:-1","max-image-preview":"max-image-preview:large","max-video-preview":"max-video-preview:-1"},"canonical":"https:\/\/puurnordic.com\/en\/product\/gluten-free\/rhodiola-rozenwortel-extract-tincuur\/","og_locale":"en_US","og_type":"article","og_title":"Rhodiola Rozenwortel Extract Tinctuur","og_description":"Rhodiola Rosea Extract Tincuur is een van de populairste kruiden product uit Scandinavi\u00eb | Rozewortel helpt om stress te verlichten","og_url":"https:\/\/puurnordic.com\/en\/product\/gluten-free\/rhodiola-rozenwortel-extract-tincuur\/","og_site_name":"Puur Nordic","article_publisher":"https:\/\/www.facebook.com\/puurnordicbenelux\/?locale=nl_NL","article_modified_time":"2026-01-23T23:41:53+00:00","og_image":[{"width":600,"height":600,"url":"https:\/\/puurnordic.com\/wp-content\/uploads\/2023\/11\/Rose-1.png","type":"image\/png"}],"twitter_card":"summary_large_image","twitter_misc":{"Price":"&euro;24,99","Availability":"In stock"},"schema":{"@context":"https:\/\/schema.org","@graph":[{"@type":"WebPage","@id":"https:\/\/puurnordic.com\/en\/product\/gluten-free\/rhodiola-rozenwortel-extract-tincuur\/","url":"https:\/\/puurnordic.com\/en\/product\/gluten-free\/rhodiola-rozenwortel-extract-tincuur\/","name":"Rhodiola Rozenwortel Extract Tinctuur - Puur Nordic - Rhodiola Rosea","isPartOf":{"@id":"https:\/\/puurnordic.com\/en\/#website"},"primaryImageOfPage":{"@id":"https:\/\/puurnordic.com\/en\/product\/gluten-free\/rhodiola-rozenwortel-extract-tincuur\/#primaryimage"},"image":{"@id":"https:\/\/puurnordic.com\/en\/product\/gluten-free\/rhodiola-rozenwortel-extract-tincuur\/#primaryimage"},"thumbnailUrl":"https:\/\/puurnordic.com\/wp-content\/uploads\/2023\/11\/Rose-1.png","datePublished":"2020-09-08T12:26:48+00:00","dateModified":"2026-01-23T23:41:53+00:00","description":"Rhodiola Rosea Extract Tincuur is een van de populairste kruiden product uit Scandinavi\u00eb | Rozewortel helpt om stress te verlichten","breadcrumb":{"@id":"https:\/\/puurnordic.com\/en\/product\/gluten-free\/rhodiola-rozenwortel-extract-tincuur\/#breadcrumb"},"inLanguage":"en-US","potentialAction":[{"@type":"ReadAction","target":["https:\/\/puurnordic.com\/en\/product\/gluten-free\/rhodiola-rozenwortel-extract-tincuur\/"]}]},{"@type":"ImageObject","inLanguage":"en-US","@id":"https:\/\/puurnordic.com\/en\/product\/gluten-free\/rhodiola-rozenwortel-extract-tincuur\/#primaryimage","url":"https:\/\/puurnordic.com\/wp-content\/uploads\/2023\/11\/Rose-1.png","contentUrl":"https:\/\/puurnordic.com\/wp-content\/uploads\/2023\/11\/Rose-1.png","width":600,"height":600,"caption":"Rhodiola Rosea Rozenwortel Extract Tincuur - Rozewortel"},{"@type":"BreadcrumbList","@id":"https:\/\/puurnordic.com\/en\/product\/gluten-free\/rhodiola-rozenwortel-extract-tincuur\/#breadcrumb","itemListElement":[{"@type":"ListItem","position":1,"name":"Home","item":"https:\/\/puurnordic.com\/en\/"},{"@type":"ListItem","position":2,"name":"Products","item":"https:\/\/puurnordic.com\/en\/products\/"},{"@type":"ListItem","position":3,"name":"Rhodiola Rozenwortel Extract Tinctuur"}]},{"@type":"WebSite","@id":"https:\/\/puurnordic.com\/en\/#website","url":"https:\/\/puurnordic.com\/en\/","name":"Puur Nordic","description":"","publisher":{"@id":"https:\/\/puurnordic.com\/en\/#organization"},"potentialAction":[{"@type":"SearchAction","target":{"@type":"EntryPoint","urlTemplate":"https:\/\/puurnordic.com\/en\/?s={search_term_string}"},"query-input":{"@type":"PropertyValueSpecification","valueRequired":true,"valueName":"search_term_string"}}],"inLanguage":"en-US"},{"@type":"Organization","@id":"https:\/\/puurnordic.com\/en\/#organization","name":"Puur Nordic","url":"https:\/\/puurnordic.com\/en\/","logo":{"@type":"ImageObject","inLanguage":"en-US","@id":"https:\/\/puurnordic.com\/en\/#\/schema\/logo\/image\/","url":"https:\/\/puurnordic.com\/wp-content\/uploads\/2023\/11\/Puur-Nordic-Logo-NEW-.jpg","contentUrl":"https:\/\/puurnordic.com\/wp-content\/uploads\/2023\/11\/Puur-Nordic-Logo-NEW-.jpg","width":2481,"height":2481,"caption":"Puur Nordic"},"image":{"@id":"https:\/\/puurnordic.com\/en\/#\/schema\/logo\/image\/"},"sameAs":["https:\/\/www.facebook.com\/puurnordicbenelux\/?locale=nl_NL"],"description":"Hoogste Kwaliteit Superfoods, Supplementen, Natuurlijke Cosmetica, Paddenstoelen, Lion's Mane, Chaga & Gezondheidsproducten","email":"info@puurnordic.com","legalName":"Puur Nordic","vatID":"NL002478772B58","taxID":"NL002478772B58","numberOfEmployees":{"@type":"QuantitativeValue","minValue":"1","maxValue":"10"}}]},"product_price_amount":"24.99","product_price_currency":"EUR","og_availability":"instock","product_availability":"instock","product_retailer_item_id":"6430055219333","product_condition":"new"},"_links":{"self":[{"href":"https:\/\/puurnordic.com\/en\/wp-json\/wp\/v2\/product\/11599","targetHints":{"allow":["GET"]}}],"collection":[{"href":"https:\/\/puurnordic.com\/en\/wp-json\/wp\/v2\/product"}],"about":[{"href":"https:\/\/puurnordic.com\/en\/wp-json\/wp\/v2\/types\/product"}],"wp:featuredmedia":[{"embeddable":true,"href":"https:\/\/puurnordic.com\/en\/wp-json\/wp\/v2\/media\/11600"}],"wp:attachment":[{"href":"https:\/\/puurnordic.com\/en\/wp-json\/wp\/v2\/media?parent=11599"}],"wp:term":[{"taxonomy":"product_brand","embeddable":true,"href":"https:\/\/puurnordic.com\/en\/wp-json\/wp\/v2\/product_brand?post=11599"},{"taxonomy":"product_cat","embeddable":true,"href":"https:\/\/puurnordic.com\/en\/wp-json\/wp\/v2\/product_cat?post=11599"},{"taxonomy":"product_tag","embeddable":true,"href":"https:\/\/puurnordic.com\/en\/wp-json\/wp\/v2\/product_tag?post=11599"}],"curies":[{"name":"wp","href":"https:\/\/api.w.org\/{rel}","templated":true}]}}