{"id":5211,"date":"2020-10-07T13:33:16","date_gmt":"2020-10-07T13:33:16","guid":{"rendered":"https:\/\/puurnordic.com\/?post_type=product&#038;p=5211"},"modified":"2023-12-15T08:25:06","modified_gmt":"2023-12-15T08:25:06","slug":"beer-oat-protein-shampoo-bar","status":"publish","type":"product","link":"https:\/\/puurnordic.com\/en\/product\/natural-cosmetics\/beer-oat-protein-shampoo-bar\/","title":{"rendered":"Beer &#038; Oat Protein Shampoo Bar"},"content":{"rendered":"<h2>Beer &amp; Oat Protein Shampoo Bar<\/h2>\n<p>De zacht schuimende, biologische Beer &amp; Oat Protein shampoo bar van <a href=\"https:\/\/puurnordic.com\/merken\/flow-cosmetics\/\" target=\"_blank\" rel=\"noopener noreferrer\">Flow Cosmetics<\/a>\u00a0 voor fijn en dun haar is de perfecte keuze als je meer natuurlijk volume in je haar wilt. Arctische haver prote\u00efne geeft het haar meer structuur en volume. Het biologisch bier met een hoog vitamine B-gehalte zorg ervoor dat de fijne, platte haren meer volume en een sterke, gezonde uitstraling krijgen. De prote\u00efnerijke samenstelling in Beer &amp; Oat Protein shampoo bar voorkomt haaruitval.<\/p>\n<ul>\n<li>Volume versterkend en krachtgevend shampoo bar voor fijn en dun haar<\/li>\n<li>Geschikt voor dagelijks gebruik voor alle haarkleuren<\/li>\n<li>Volledige biologisch, bevat geen parabenen, sulfaten, kunstmatige geur- of kleurstoffen of minerale- of palmoli\u00ebn<\/li>\n<\/ul>\n<p>De volledig ecologische shampoo is gemaakt van biologische plantaardige oli\u00ebn, kruiden en etherische oli\u00ebn. Dankzij de productiemethode bevat deze shampoo van nature hydraterende glycerine. Dit product is plasticvrij en zero waste. Vegan en niet op dieren getest. Nu niet en nooit niet.<\/p>\n<h3>Hoe gebruik je de Beer &amp; Oat Protein shampoo bar<\/h3>\n<p>Wrijf de bar zacht tot mild op nat haar om veel schuim te produceren. Als het schuim zich niet goed vormt, spoel het haar dan uit en herhaal het inzepen. Gebruik warm water om het haar goed te reinigen. Vergeet niet om ook schuim aan te brengen op de haar punten.<\/p>\n<h3>Combineer de shampoo voor fijn en dun haar met Heather &#8211; Haarspoeling of met de Conditioner bar &#8211; Hennep voor het beste resultaat<\/h3>\n<p>Laat je haar wennen aan de natuurlijke haarverzorging en biologische haar zeep. Het haar kan tijdens de eerste wasbeurten een beetje vettig aanvoelen omdat de hoofdhuid extra talg aanmaakt om de normale balans te herstellen. Onze biologische ingredi\u00ebnten zorgen ervoor dat alle chemicali\u00ebn uit je haar en van je hoofdhuid verwijderd worden. Als je de juiste producten voor je behoeften en haartype gebruikt, krijgt je haar een natuurlijke glans en meer natuurlijk volume &#8211; ze zijn niet meer afhankelijk van styling producten.<\/p>\n<h3>Ingredienten Beer &amp; Oat Protein Shampoo Bar<\/h3>\n<p>Verzeepte Kokosnootolie*, Verzeepte Sesamzaadolie*, Glyserine*, Water*,Verzeepte Castorolie*, Bier, Kokosnootolie*, Havre Eiwit*, Hermoes*, Essenti\u00eble olie Ylang Ylang*, Essenti\u00eble olie Patchouli*, Essenti\u00eble olie Lavender*, Klei Mineralen**: Montmorillonite, Illite, Kaolin, Rozemarijn Extract*, Zonnebloemolie*, Benzyl Benzoate***, Linalool***<\/p>\n<p>INCI: SODIUM COCOATE*, SODIUM SESAMESEEDATE*, GLYCERIN*, AQUA**, SODIUM CASTORATE*, BEER*, COCOS NUCIFERA OIL*, AVENA SATIVA KERNEL PROTEIN*, EQUISETUM ARVENSE LEAF*, CANANGA ODORATA FLOWER OIL*, POGOSTEMON CABLIN LEAF OIL*, LAVANDULA HYBRIDA FLOWER OIL*, MONTMORILLONITE**, ILLITE**, KAOLIN**, ROSMARINUS OFFICINALIS LEAF EXTRACT*, HELIANTHUS ANNUUS SEED OIL*, BENZYL BENZOATE***, LINALOOL***<\/p>\n<p>* Wild gegroeid of gecertificeerd, biologisch ingredi\u00ebnt<\/p>\n<p>**Ecocert of COSMOS goedgekeurd ingredi\u00ebnt<\/p>\n<p>*** Verschijnen op een natuurlijke manier in essenti\u00eble olie<\/p>\n<h3>Gewicht:<\/h3>\n<p>120 gram.<\/p>\n<h3>Tip:<\/h3>\n<p>Bewaar de biologische haarzeep en in een zeepbakje. De bar kan smelten wanneer hij aanraking met water komt.<\/p>\n<h3>Recycling:<\/h3>\n<p>De shampoo bar is in een kartonnen doosje verpakt, deze kan in de papierbak<\/p>\n<h4 style=\"text-align: center;\"><span style=\"text-decoration: underline;\"><strong>Puur Nordic<\/strong><\/span><\/h4>\n<p style=\"text-align: center;\"><strong>Snelle verzending<\/strong><\/p>\n<p style=\"text-align: center;\"><strong>Hoogste Kwaliteit<\/strong><\/p>\n<p style=\"text-align: center;\"><strong>Webshop keurmerk<\/strong><\/p>\n<p style=\"text-align: center;\"><strong><a href=\"https:\/\/puurnordic.com\/producten\/chaga\/\" target=\"_blank\" rel=\"noopener noreferrer\">Chaga specialist<\/a><\/strong><\/p>\n<p style=\"text-align: center;\"><strong>Unieke producten uit Scandinavi\u00eb<\/strong><\/p>\n<p style=\"text-align: center;\"><strong>30 dagen geld terug garantie<\/strong><\/p>\n<p style=\"text-align: center;\"><strong>Gratis verzending bij besteding vanaf \u20ac50,-<\/strong><\/p>\n","protected":false},"excerpt":{"rendered":"<p>De zacht schuimende, biologische Beer &amp; Oat Protein shampoo bar voor fijn en dun haar is de perfecte keuze als je meer natuurlijk volume in je haar wilt. Arctische haver prote\u00efne geeft het haar meer structuur en volume. Het biologisch bier met een hoog vitamine B-gehalte zorg ervoor dat de fijne, platte haren meer volume en een sterke, gezonde uitstraling krijgen. Onze biologische ingredi\u00ebnten zorgen ervoor dat alle chemicali\u00ebn uit je haar en van je hoofdhuid verwijderd worden. Als je de juiste producten voor je behoeften en haartype gebruikt, krijgt je haar een natuurlijke glans en meer natuurlijk volume &#8211; ze zijn niet meer afhankelijk van styling producten.<\/p>\n<ul>\n<li><strong>Volume versterkend en krachtgevend shampoo bar voor fijn en dun haar<\/strong><\/li>\n<li><strong>Geschikt voor dagelijks gebruik voor alle haarkleuren<\/strong><\/li>\n<li><strong>Volledige biologisch, bevat geen parabenen, sulfaten, kunstmatige geur- of kleurstoffen of minerale- of palmoli\u00ebn<\/strong><\/li>\n<\/ul>\n","protected":false},"featured_media":0,"template":"","meta":{"_acf_changed":false},"product_brand":[1255],"product_cat":[484,487,454],"product_tag":[],"class_list":{"0":"post-5211","1":"product","2":"type-product","3":"status-publish","5":"product_brand-flow-cosmetics","6":"product_cat-natural-cosmetics","7":"product_cat-natural-herbs","8":"product_cat-organic","10":"first","11":"outofstock","12":"taxable","13":"shipping-taxable","14":"purchasable","15":"product-type-simple"},"acf":[],"yoast_head":"<!-- This site is optimized with the Yoast SEO Premium plugin v27.4 (Yoast SEO v27.4) - https:\/\/yoast.com\/product\/yoast-seo-premium-wordpress\/ -->\n<title>Beer &amp; Oat Protein Shampoo Bar - Puur Nordic - Natuurlijke Cosmetica<\/title>\n<meta name=\"description\" content=\"Beer &amp; Oat Protein Shampoo Bar van Flow Cosmetics voor fijn en dun haar is de perfecte keuze als je meer natuurlijk volume in je haar wilt\" \/>\n<meta name=\"robots\" content=\"index, follow, max-snippet:-1, max-image-preview:large, max-video-preview:-1\" \/>\n<link rel=\"canonical\" href=\"https:\/\/puurnordic.com\/en\/product\/natural-cosmetics\/beer-oat-protein-shampoo-bar\/\" \/>\n<meta property=\"og:locale\" content=\"en_US\" \/>\n<meta property=\"og:type\" content=\"article\" \/>\n<meta property=\"og:title\" content=\"Beer &amp; Oat Protein Shampoo Bar\" \/>\n<meta property=\"og:description\" content=\"Beer &amp; Oat Protein Shampoo Bar van Flow Cosmetics voor fijn en dun haar is de perfecte keuze als je meer natuurlijk volume in je haar wilt\" \/>\n<meta property=\"og:url\" content=\"https:\/\/puurnordic.com\/en\/product\/natural-cosmetics\/beer-oat-protein-shampoo-bar\/\" \/>\n<meta property=\"og:site_name\" content=\"Puur Nordic\" \/>\n<meta property=\"article:publisher\" content=\"https:\/\/www.facebook.com\/puurnordicbenelux\/?locale=nl_NL\" \/>\n<meta property=\"article:modified_time\" content=\"2023-12-15T08:25:06+00:00\" \/>\n<meta property=\"og:image\" content=\"https:\/\/puurnordic.com\/wp-content\/uploads\/2023\/11\/Shampoo-bar-Beer-Oat-Protein-Voor-fijn-en-dun-haar_540x-1.jpg\" \/>\n\t<meta property=\"og:image:width\" content=\"540\" \/>\n\t<meta property=\"og:image:height\" content=\"540\" \/>\n\t<meta property=\"og:image:type\" content=\"image\/jpeg\" \/>\n<meta name=\"twitter:card\" content=\"summary_large_image\" \/>\n<meta name=\"twitter:label1\" content=\"Price\" \/>\n\t<meta name=\"twitter:data1\" content=\"&euro;15,00\" \/>\n\t<meta name=\"twitter:label2\" content=\"Availability\" \/>\n\t<meta name=\"twitter:data2\" content=\"Out of stock\" \/>\n<script type=\"application\/ld+json\" class=\"yoast-schema-graph\">{\"@context\":\"https:\\\/\\\/schema.org\",\"@graph\":[{\"@type\":\"WebPage\",\"@id\":\"https:\\\/\\\/puurnordic.com\\\/en\\\/product\\\/natural-cosmetics\\\/beer-oat-protein-shampoo-bar\\\/\",\"url\":\"https:\\\/\\\/puurnordic.com\\\/en\\\/product\\\/natural-cosmetics\\\/beer-oat-protein-shampoo-bar\\\/\",\"name\":\"Beer & Oat Protein Shampoo Bar - Puur Nordic - Natuurlijke Cosmetica\",\"isPartOf\":{\"@id\":\"https:\\\/\\\/puurnordic.com\\\/en\\\/#website\"},\"datePublished\":\"2020-10-07T13:33:16+00:00\",\"dateModified\":\"2023-12-15T08:25:06+00:00\",\"description\":\"Beer & Oat Protein Shampoo Bar van Flow Cosmetics voor fijn en dun haar is de perfecte keuze als je meer natuurlijk volume in je haar wilt\",\"breadcrumb\":{\"@id\":\"https:\\\/\\\/puurnordic.com\\\/en\\\/product\\\/natural-cosmetics\\\/beer-oat-protein-shampoo-bar\\\/#breadcrumb\"},\"inLanguage\":\"en-US\",\"potentialAction\":[{\"@type\":\"ReadAction\",\"target\":[\"https:\\\/\\\/puurnordic.com\\\/en\\\/product\\\/natural-cosmetics\\\/beer-oat-protein-shampoo-bar\\\/\"]}]},{\"@type\":\"BreadcrumbList\",\"@id\":\"https:\\\/\\\/puurnordic.com\\\/en\\\/product\\\/natural-cosmetics\\\/beer-oat-protein-shampoo-bar\\\/#breadcrumb\",\"itemListElement\":[{\"@type\":\"ListItem\",\"position\":1,\"name\":\"Home\",\"item\":\"https:\\\/\\\/puurnordic.com\\\/en\\\/\"},{\"@type\":\"ListItem\",\"position\":2,\"name\":\"Products\",\"item\":\"https:\\\/\\\/puurnordic.com\\\/en\\\/products\\\/\"},{\"@type\":\"ListItem\",\"position\":3,\"name\":\"Beer &#038; Oat Protein Shampoo Bar\"}]},{\"@type\":\"WebSite\",\"@id\":\"https:\\\/\\\/puurnordic.com\\\/en\\\/#website\",\"url\":\"https:\\\/\\\/puurnordic.com\\\/en\\\/\",\"name\":\"Puur Nordic\",\"description\":\"\",\"publisher\":{\"@id\":\"https:\\\/\\\/puurnordic.com\\\/en\\\/#organization\"},\"potentialAction\":[{\"@type\":\"SearchAction\",\"target\":{\"@type\":\"EntryPoint\",\"urlTemplate\":\"https:\\\/\\\/puurnordic.com\\\/en\\\/?s={search_term_string}\"},\"query-input\":{\"@type\":\"PropertyValueSpecification\",\"valueRequired\":true,\"valueName\":\"search_term_string\"}}],\"inLanguage\":\"en-US\"},{\"@type\":\"Organization\",\"@id\":\"https:\\\/\\\/puurnordic.com\\\/en\\\/#organization\",\"name\":\"Puur Nordic\",\"url\":\"https:\\\/\\\/puurnordic.com\\\/en\\\/\",\"logo\":{\"@type\":\"ImageObject\",\"inLanguage\":\"en-US\",\"@id\":\"https:\\\/\\\/puurnordic.com\\\/en\\\/#\\\/schema\\\/logo\\\/image\\\/\",\"url\":\"https:\\\/\\\/puurnordic.com\\\/wp-content\\\/uploads\\\/2023\\\/11\\\/Puur-Nordic-Logo-NEW-.jpg\",\"contentUrl\":\"https:\\\/\\\/puurnordic.com\\\/wp-content\\\/uploads\\\/2023\\\/11\\\/Puur-Nordic-Logo-NEW-.jpg\",\"width\":2481,\"height\":2481,\"caption\":\"Puur Nordic\"},\"image\":{\"@id\":\"https:\\\/\\\/puurnordic.com\\\/en\\\/#\\\/schema\\\/logo\\\/image\\\/\"},\"sameAs\":[\"https:\\\/\\\/www.facebook.com\\\/puurnordicbenelux\\\/?locale=nl_NL\"],\"description\":\"Hoogste Kwaliteit Superfoods, Supplementen, Natuurlijke Cosmetica, Paddenstoelen, Lion's Mane, Chaga & Gezondheidsproducten\",\"email\":\"info@puurnordic.com\",\"legalName\":\"Puur Nordic\",\"vatID\":\"NL002478772B58\",\"taxID\":\"NL002478772B58\",\"numberOfEmployees\":{\"@type\":\"QuantitativeValue\",\"minValue\":\"1\",\"maxValue\":\"10\"}}]}<\/script>\n<meta property=\"product:price:amount\" content=\"15.00\" \/>\n<meta property=\"product:price:currency\" content=\"EUR\" \/>\n<meta property=\"og:availability\" content=\"out of stock\" \/>\n<meta property=\"product:availability\" content=\"out of stock\" \/>\n<meta property=\"product:retailer_item_id\" content=\"6430028394531\" \/>\n<meta property=\"product:condition\" content=\"new\" \/>\n<!-- \/ Yoast SEO Premium plugin. -->","yoast_head_json":{"title":"Beer & Oat Protein Shampoo Bar - Puur Nordic - Natuurlijke Cosmetica","description":"Beer & Oat Protein Shampoo Bar van Flow Cosmetics voor fijn en dun haar is de perfecte keuze als je meer natuurlijk volume in je haar wilt","robots":{"index":"index","follow":"follow","max-snippet":"max-snippet:-1","max-image-preview":"max-image-preview:large","max-video-preview":"max-video-preview:-1"},"canonical":"https:\/\/puurnordic.com\/en\/product\/natural-cosmetics\/beer-oat-protein-shampoo-bar\/","og_locale":"en_US","og_type":"article","og_title":"Beer & Oat Protein Shampoo Bar","og_description":"Beer & Oat Protein Shampoo Bar van Flow Cosmetics voor fijn en dun haar is de perfecte keuze als je meer natuurlijk volume in je haar wilt","og_url":"https:\/\/puurnordic.com\/en\/product\/natural-cosmetics\/beer-oat-protein-shampoo-bar\/","og_site_name":"Puur Nordic","article_publisher":"https:\/\/www.facebook.com\/puurnordicbenelux\/?locale=nl_NL","article_modified_time":"2023-12-15T08:25:06+00:00","og_image":[{"width":540,"height":540,"url":"https:\/\/puurnordic.com\/wp-content\/uploads\/2023\/11\/Shampoo-bar-Beer-Oat-Protein-Voor-fijn-en-dun-haar_540x-1.jpg","type":"image\/jpeg"}],"twitter_card":"summary_large_image","twitter_misc":{"Price":"&euro;15,00","Availability":"Out of stock"},"schema":{"@context":"https:\/\/schema.org","@graph":[{"@type":"WebPage","@id":"https:\/\/puurnordic.com\/en\/product\/natural-cosmetics\/beer-oat-protein-shampoo-bar\/","url":"https:\/\/puurnordic.com\/en\/product\/natural-cosmetics\/beer-oat-protein-shampoo-bar\/","name":"Beer & Oat Protein Shampoo Bar - Puur Nordic - Natuurlijke Cosmetica","isPartOf":{"@id":"https:\/\/puurnordic.com\/en\/#website"},"datePublished":"2020-10-07T13:33:16+00:00","dateModified":"2023-12-15T08:25:06+00:00","description":"Beer & Oat Protein Shampoo Bar van Flow Cosmetics voor fijn en dun haar is de perfecte keuze als je meer natuurlijk volume in je haar wilt","breadcrumb":{"@id":"https:\/\/puurnordic.com\/en\/product\/natural-cosmetics\/beer-oat-protein-shampoo-bar\/#breadcrumb"},"inLanguage":"en-US","potentialAction":[{"@type":"ReadAction","target":["https:\/\/puurnordic.com\/en\/product\/natural-cosmetics\/beer-oat-protein-shampoo-bar\/"]}]},{"@type":"BreadcrumbList","@id":"https:\/\/puurnordic.com\/en\/product\/natural-cosmetics\/beer-oat-protein-shampoo-bar\/#breadcrumb","itemListElement":[{"@type":"ListItem","position":1,"name":"Home","item":"https:\/\/puurnordic.com\/en\/"},{"@type":"ListItem","position":2,"name":"Products","item":"https:\/\/puurnordic.com\/en\/products\/"},{"@type":"ListItem","position":3,"name":"Beer &#038; Oat Protein Shampoo Bar"}]},{"@type":"WebSite","@id":"https:\/\/puurnordic.com\/en\/#website","url":"https:\/\/puurnordic.com\/en\/","name":"Puur Nordic","description":"","publisher":{"@id":"https:\/\/puurnordic.com\/en\/#organization"},"potentialAction":[{"@type":"SearchAction","target":{"@type":"EntryPoint","urlTemplate":"https:\/\/puurnordic.com\/en\/?s={search_term_string}"},"query-input":{"@type":"PropertyValueSpecification","valueRequired":true,"valueName":"search_term_string"}}],"inLanguage":"en-US"},{"@type":"Organization","@id":"https:\/\/puurnordic.com\/en\/#organization","name":"Puur Nordic","url":"https:\/\/puurnordic.com\/en\/","logo":{"@type":"ImageObject","inLanguage":"en-US","@id":"https:\/\/puurnordic.com\/en\/#\/schema\/logo\/image\/","url":"https:\/\/puurnordic.com\/wp-content\/uploads\/2023\/11\/Puur-Nordic-Logo-NEW-.jpg","contentUrl":"https:\/\/puurnordic.com\/wp-content\/uploads\/2023\/11\/Puur-Nordic-Logo-NEW-.jpg","width":2481,"height":2481,"caption":"Puur Nordic"},"image":{"@id":"https:\/\/puurnordic.com\/en\/#\/schema\/logo\/image\/"},"sameAs":["https:\/\/www.facebook.com\/puurnordicbenelux\/?locale=nl_NL"],"description":"Hoogste Kwaliteit Superfoods, Supplementen, Natuurlijke Cosmetica, Paddenstoelen, Lion's Mane, Chaga & Gezondheidsproducten","email":"info@puurnordic.com","legalName":"Puur Nordic","vatID":"NL002478772B58","taxID":"NL002478772B58","numberOfEmployees":{"@type":"QuantitativeValue","minValue":"1","maxValue":"10"}}]},"product_price_amount":"15.00","product_price_currency":"EUR","og_availability":"out of stock","product_availability":"out of stock","product_retailer_item_id":"6430028394531","product_condition":"new"},"_links":{"self":[{"href":"https:\/\/puurnordic.com\/en\/wp-json\/wp\/v2\/product\/5211","targetHints":{"allow":["GET"]}}],"collection":[{"href":"https:\/\/puurnordic.com\/en\/wp-json\/wp\/v2\/product"}],"about":[{"href":"https:\/\/puurnordic.com\/en\/wp-json\/wp\/v2\/types\/product"}],"wp:attachment":[{"href":"https:\/\/puurnordic.com\/en\/wp-json\/wp\/v2\/media?parent=5211"}],"wp:term":[{"taxonomy":"product_brand","embeddable":true,"href":"https:\/\/puurnordic.com\/en\/wp-json\/wp\/v2\/product_brand?post=5211"},{"taxonomy":"product_cat","embeddable":true,"href":"https:\/\/puurnordic.com\/en\/wp-json\/wp\/v2\/product_cat?post=5211"},{"taxonomy":"product_tag","embeddable":true,"href":"https:\/\/puurnordic.com\/en\/wp-json\/wp\/v2\/product_tag?post=5211"}],"curies":[{"name":"wp","href":"https:\/\/api.w.org\/{rel}","templated":true}]}}